{"id":46,"date":"2019-02-22T15:08:24","date_gmt":"2019-02-22T18:08:24","guid":{"rendered":"https:\/\/livecont.com.br\/?page_id=46"},"modified":"2021-10-26T00:21:40","modified_gmt":"2021-10-26T03:21:40","slug":"institucional","status":"publish","type":"page","link":"https:\/\/livecont.com.br\/index.php\/institucional\/","title":{"rendered":"Servi\u00e7os"},"content":{"rendered":"\t\t<div data-elementor-type=\"wp-page\" data-elementor-id=\"46\" class=\"elementor elementor-46\">\n\t\t\t\t\t\t<div class=\"elementor-inner\">\n\t\t\t\t<div class=\"elementor-section-wrap\">\n\t\t\t\t\t\t\t\t\t<section class=\"elementor-section elementor-top-section elementor-element elementor-element-70993029 elementor-section-boxed elementor-section-height-default elementor-section-height-default\" data-id=\"70993029\" data-element_type=\"section\">\n\t\t\t\t\t\t<div class=\"elementor-container elementor-column-gap-default\">\n\t\t\t\t\t\t\t<div class=\"elementor-row\">\n\t\t\t\t\t<div class=\"elementor-column elementor-col-100 elementor-top-column elementor-element elementor-element-255f1de1\" data-id=\"255f1de1\" data-element_type=\"column\">\n\t\t\t<div class=\"elementor-column-wrap elementor-element-populated\">\n\t\t\t\t\t\t\t<div class=\"elementor-widget-wrap\">\n\t\t\t\t\t\t<div class=\"elementor-element elementor-element-6fdbcab4 elementor-widget elementor-widget-text-editor\" data-id=\"6fdbcab4\" data-element_type=\"widget\" data-widget_type=\"text-editor.default\">\n\t\t\t\t<div class=\"elementor-widget-container\">\n\t\t\t\t\t\t\t\t<div class=\"elementor-text-editor elementor-clearfix\">\n\t\t\t\t<p><!-- wp:paragraph --><\/p>\n<h1 style=\"text-align: center;\"><span style=\"font-style: inherit; font-weight: inherit;\">Confira as nossas especialidades<\/span><\/h1>\n<p><!-- \/wp:paragraph --><\/p>\n<p><!-- wp:list --><\/p>\n<h4>Departamento Tribut\u00e1rio\/Fiscal<\/h4>\n<p><!-- \/wp:list --><\/p>\n<p><!-- wp:list --><\/p>\n<ul>\n<li>Apura\u00e7\u00e3o e elabora\u00e7\u00e3o de guias de recolhimento para os seguintes tributos: ISSQN, ICMS, Simples Nacional, PIS, COFINS, IRPJ e CSLL;<\/li>\n<li>Escritura\u00e7\u00e3o, emiss\u00e3o, encaderna\u00e7\u00e3o e autentica\u00e7\u00e3o do Livro Registro de Entradas, Sa\u00eddas e Apura\u00e7\u00e3o do ICMS;<\/li>\n<li>Escritura\u00e7\u00e3o do Livro de IPI;<\/li>\n<li>Escritura\u00e7\u00e3o do Livro Registro de Invent\u00e1rio;<\/li>\n<li>Elabora\u00e7\u00e3o e transmiss\u00e3o do Sped Fiscal;<\/li>\n<li>Elabora\u00e7\u00e3o e transmiss\u00e3o do Sped Contribui\u00e7\u00f5es;<\/li>\n<li>Demonstrativo de Apura\u00e7\u00e3o de Contribui\u00e7\u00f5es Sociais \u2013 DACON;<\/li>\n<li>Declara\u00e7\u00e3o de D\u00e9bitos e Cr\u00e9ditos Tribut\u00e1rios Federais \u2013 DCTF;<\/li>\n<li>Declara\u00e7\u00e3o de Informa\u00e7\u00f5es Socioecon\u00f4micas e Fiscais \u2013 DEFIS;<\/li>\n<li>Guia de Informa\u00e7\u00f5es e Apura\u00e7\u00e3o \u2013 GIA RS;<\/li>\n<li>Declara\u00e7\u00e3o Municipal de Servi\u00e7os \u2013 DNS;<\/li>\n<li>Analise comparativa tribut\u00e1ria para enquadramento da empresa na melhor op\u00e7\u00e3o poss\u00edvel (Simples, Presumido ou Real).<\/li>\n<\/ul>\n<h4><!-- \/wp:list -->Departamento Cont\u00e1bil<\/h4>\n<ul>\n<li>Digita\u00e7\u00e3o e an\u00e1lise da documenta\u00e7\u00e3o;<\/li>\n<li>Concilia\u00e7\u00e3o das contas cont\u00e1beis;<\/li>\n<li>Processamento e emiss\u00e3o de balancetes mensais,\u00a0Balan\u00e7o Patrimonial, demonstra\u00e7\u00f5es financeiras, Livro Di\u00e1rio e Livro Raz\u00e3o;<\/li>\n<li>Elabora\u00e7\u00e3o e transmiss\u00e3o de DIPJ e DIRF;<\/li>\n<li>Pedido Eletr\u00f4nico de Ressarcimento ou Restitui\u00e7\u00e3o e Declara\u00e7\u00e3o de Compensa\u00e7\u00e3o \u2013 PER\/DECOMP;<\/li>\n<li>Sped Cont\u00e1bil;<\/li>\n<li>Emiss\u00e3o, encaderna\u00e7\u00e3o e autentica\u00e7\u00e3o do Livro Di\u00e1rio na Junta Comercial do Estado;<\/li>\n<li>Emiss\u00e3o e encaderna\u00e7\u00e3o do Livro de Apura\u00e7\u00e3o do Lucro Real \u2013 LALUR e do Livro Raz\u00e3o.<\/li>\n<\/ul>\n<h4>Departamento Pessoal<\/h4>\n<ul>\n<li>Registro de empregados;<!-- \/wp:list --><!-- wp:list --><!-- wp:list --><\/li>\n<li>Preenchimento das fichas de sal\u00e1rio-fam\u00edlia;<\/li>\n<li>Controle de op\u00e7\u00e3o de uso do vale-transporte e c\u00e1lculo mensal do valor;<\/li>\n<li>Elabora\u00e7\u00e3o e execu\u00e7\u00e3o do quadro de hor\u00e1rio de trabalho;<\/li>\n<li>Elabora\u00e7\u00e3o e execu\u00e7\u00e3o das folhas de pagamento e respectivos contracheques e entrega de arquivo banc\u00e1rio para integra\u00e7\u00e3o e pagamento;<\/li>\n<li>C\u00e1lculo mensal do INSS;<\/li>\n<li>Prepara\u00e7\u00e3o de recibos de f\u00e9rias;<\/li>\n<li>C\u00e1lculo do FGTS;<\/li>\n<li>C\u00e1lculo do Imposto de Renda Retido na Fonte relativo \u00e0 folha de pagamento e aos servi\u00e7os prestados \u00e0 CONTRATANTE por funcion\u00e1rios ou terceiros;<\/li>\n<li>C\u00e1lculo da taxa assistencial e da mensalidade sindical nos moldes expressos pela Conven\u00e7\u00e3o\/Acordo coletivo de trabalho;<\/li>\n<li>C\u00e1lculo da contribui\u00e7\u00e3o Sindical nos moldes previstos pela CLT;<\/li>\n<li>C\u00e1lculo das rescis\u00f5es de contrato de trabalho dentro do padr\u00e3o Homolognet;<\/li>\n<li>Preparo e emiss\u00e3o mensal da GFIP, do CAGED e da RAIS.<\/li>\n<\/ul>\n<h4>Departamento Societ\u00e1rio<\/h4>\n<ul>\n<li>Constitui\u00e7\u00e3o, Altera\u00e7\u00e3o e Baixa de Empresas;<\/li>\n<li>Elabora\u00e7\u00e3o de contratos\/estatutos sociais, aditivos e distratos com registro nos \u00f3rg\u00e3os competentes;<\/li>\n<li>Licenciamento de alvar\u00e1s de localiza\u00e7\u00e3o e sanit\u00e1rio, Habite-se do Corpo de Bombeiros e libera\u00e7\u00e3o de Licen\u00e7a Ambiental;<\/li>\n<li>Solicita\u00e7\u00e3o de Certificado Digital e Inscri\u00e7\u00f5es Municipais e Estaduais;<\/li>\n<li>Emiss\u00e3o de Cadastros e Certid\u00f5es em \u00d3rg\u00e3os P\u00fablicos;<\/li>\n<li>Inscri\u00e7\u00e3o e atualiza\u00e7\u00e3o cadastral;<\/li>\n<li>Pesquisa de situa\u00e7\u00e3o fiscal e cadastral;<\/li>\n<li>Obten\u00e7\u00e3o de fotoc\u00f3pias de documentos;<\/li>\n<li>Obten\u00e7\u00e3o de certid\u00f5es negativas para Pessoas F\u00edsicas e Jur\u00eddicas.<\/li>\n<\/ul>\n<p><!-- \/wp:list --><\/p>\n<p><!-- wp:list --><\/p>\n<h4>Consultoria Financeira<\/h4>\n<ul>\n<li>Controle da movimenta\u00e7\u00e3o financeira di\u00e1ria;<\/li>\n<li>Treinamento sobre procedimentos financeiros aos funcion\u00e1rios do cliente;<\/li>\n<li>Gest\u00e3o de contas a pagar e contas a receber;<\/li>\n<li>Elabora\u00e7\u00e3o de relat\u00f3rios financeiros com base nas necessidades do cliente;<\/li>\n<li>Auditoria e acompanhamento semanal dos caixas de loja;<\/li>\n<li>Gest\u00e3o do fluxo de caixa;<\/li>\n<li>Concilia\u00e7\u00e3o di\u00e1ria do extrato banc\u00e1rio;<!-- wp:list --><!-- \/wp:list --><\/li>\n<li>Gest\u00e3o de Processo para Escrit\u00f3rio Cont\u00e1bil e Empresas de Servi\u00e7os Cont\u00e1beis.<\/li>\n<\/ul>\n<p><!-- \/wp:list --><\/p>\t\t\t\t\t<\/div>\n\t\t\t\t\t\t<\/div>\n\t\t\t\t<\/div>\n\t\t\t\t\t\t<\/div>\n\t\t\t\t\t<\/div>\n\t\t<\/div>\n\t\t\t\t\t\t\t\t<\/div>\n\t\t\t\t\t<\/div>\n\t\t<\/section>\n\t\t\t\t\t\t\t\t\t<\/div>\n\t\t\t<\/div>\n\t\t\t\t\t<\/div>\n\t\t","protected":false},"excerpt":{"rendered":"<p>Confira as nossas especialidades Departamento Tribut\u00e1rio\/Fiscal Apura\u00e7\u00e3o e elabora\u00e7\u00e3o de guias de recolhimento para os seguintes tributos: ISSQN, ICMS, Simples Nacional, PIS, COFINS, IRPJ e CSLL; Escritura\u00e7\u00e3o, emiss\u00e3o, encaderna\u00e7\u00e3o e autentica\u00e7\u00e3o do Livro Registro de Entradas, Sa\u00eddas e Apura\u00e7\u00e3o do ICMS; Escritura\u00e7\u00e3o do Livro de IPI; Escritura\u00e7\u00e3o do Livro Registro de Invent\u00e1rio; Elabora\u00e7\u00e3o e transmiss\u00e3o [&hellip;]<\/p>\n","protected":false},"author":2,"featured_media":0,"parent":0,"menu_order":0,"comment_status":"closed","ping_status":"closed","template":"elementor_header_footer","meta":[],"yoast_head":"<!-- This site is optimized with the Yoast SEO plugin v19.5.1 - https:\/\/yoast.com\/wordpress\/plugins\/seo\/ -->\n<title>Servi\u00e7os - Livecont<\/title>\n<meta name=\"robots\" content=\"index, follow, max-snippet:-1, max-image-preview:large, max-video-preview:-1\" \/>\n<link rel=\"canonical\" href=\"https:\/\/livecont.com.br\/index.php\/institucional\/\" \/>\n<meta property=\"og:locale\" content=\"pt_BR\" \/>\n<meta property=\"og:type\" content=\"article\" \/>\n<meta property=\"og:title\" content=\"Servi\u00e7os - Livecont\" \/>\n<meta property=\"og:description\" content=\"Confira as nossas especialidades Departamento Tribut\u00e1rio\/Fiscal Apura\u00e7\u00e3o e elabora\u00e7\u00e3o de guias de recolhimento para os seguintes tributos: ISSQN, ICMS, Simples Nacional, PIS, COFINS, IRPJ e CSLL; Escritura\u00e7\u00e3o, emiss\u00e3o, encaderna\u00e7\u00e3o e autentica\u00e7\u00e3o do Livro Registro de Entradas, Sa\u00eddas e Apura\u00e7\u00e3o do ICMS; Escritura\u00e7\u00e3o do Livro de IPI; Escritura\u00e7\u00e3o do Livro Registro de Invent\u00e1rio; Elabora\u00e7\u00e3o e transmiss\u00e3o [&hellip;]\" \/>\n<meta property=\"og:url\" content=\"https:\/\/livecont.com.br\/index.php\/institucional\/\" \/>\n<meta property=\"og:site_name\" content=\"Livecont\" \/>\n<meta property=\"article:modified_time\" content=\"2021-10-26T03:21:40+00:00\" \/>\n<meta name=\"twitter:card\" content=\"summary_large_image\" \/>\n<meta name=\"twitter:label1\" content=\"Est. tempo de leitura\" \/>\n\t<meta name=\"twitter:data1\" content=\"3 minutos\" \/>\n<script type=\"application\/ld+json\" class=\"yoast-schema-graph\">{\"@context\":\"https:\/\/schema.org\",\"@graph\":[{\"@type\":\"WebPage\",\"@id\":\"https:\/\/livecont.com.br\/index.php\/institucional\/\",\"url\":\"https:\/\/livecont.com.br\/index.php\/institucional\/\",\"name\":\"Servi\u00e7os - Livecont\",\"isPartOf\":{\"@id\":\"https:\/\/livecont.com.br\/#website\"},\"datePublished\":\"2019-02-22T18:08:24+00:00\",\"dateModified\":\"2021-10-26T03:21:40+00:00\",\"breadcrumb\":{\"@id\":\"https:\/\/livecont.com.br\/index.php\/institucional\/#breadcrumb\"},\"inLanguage\":\"pt-BR\",\"potentialAction\":[{\"@type\":\"ReadAction\",\"target\":[\"https:\/\/livecont.com.br\/index.php\/institucional\/\"]}]},{\"@type\":\"BreadcrumbList\",\"@id\":\"https:\/\/livecont.com.br\/index.php\/institucional\/#breadcrumb\",\"itemListElement\":[{\"@type\":\"ListItem\",\"position\":1,\"name\":\"In\u00edcio\",\"item\":\"https:\/\/livecont.com.br\/\"},{\"@type\":\"ListItem\",\"position\":2,\"name\":\"Servi\u00e7os\"}]},{\"@type\":\"WebSite\",\"@id\":\"https:\/\/livecont.com.br\/#website\",\"url\":\"https:\/\/livecont.com.br\/\",\"name\":\"Livecont\",\"description\":\"Assessoria Cont\u00e1bil\",\"publisher\":{\"@id\":\"https:\/\/livecont.com.br\/#organization\"},\"potentialAction\":[{\"@type\":\"SearchAction\",\"target\":{\"@type\":\"EntryPoint\",\"urlTemplate\":\"https:\/\/livecont.com.br\/?s={search_term_string}\"},\"query-input\":\"required name=search_term_string\"}],\"inLanguage\":\"pt-BR\"},{\"@type\":\"Organization\",\"@id\":\"https:\/\/livecont.com.br\/#organization\",\"name\":\"Livecont\",\"url\":\"https:\/\/livecont.com.br\/\",\"sameAs\":[],\"logo\":{\"@type\":\"ImageObject\",\"inLanguage\":\"pt-BR\",\"@id\":\"https:\/\/livecont.com.br\/#\/schema\/logo\/image\/\",\"url\":\"https:\/\/livecont.com.br\/wp-content\/uploads\/2021\/10\/logo-home.png\",\"contentUrl\":\"https:\/\/livecont.com.br\/wp-content\/uploads\/2021\/10\/logo-home.png\",\"width\":200,\"height\":104,\"caption\":\"Livecont\"},\"image\":{\"@id\":\"https:\/\/livecont.com.br\/#\/schema\/logo\/image\/\"}}]}<\/script>\n<!-- \/ Yoast SEO plugin. -->","yoast_head_json":{"title":"Servi\u00e7os - Livecont","robots":{"index":"index","follow":"follow","max-snippet":"max-snippet:-1","max-image-preview":"max-image-preview:large","max-video-preview":"max-video-preview:-1"},"canonical":"https:\/\/livecont.com.br\/index.php\/institucional\/","og_locale":"pt_BR","og_type":"article","og_title":"Servi\u00e7os - Livecont","og_description":"Confira as nossas especialidades Departamento Tribut\u00e1rio\/Fiscal Apura\u00e7\u00e3o e elabora\u00e7\u00e3o de guias de recolhimento para os seguintes tributos: ISSQN, ICMS, Simples Nacional, PIS, COFINS, IRPJ e CSLL; Escritura\u00e7\u00e3o, emiss\u00e3o, encaderna\u00e7\u00e3o e autentica\u00e7\u00e3o do Livro Registro de Entradas, Sa\u00eddas e Apura\u00e7\u00e3o do ICMS; Escritura\u00e7\u00e3o do Livro de IPI; Escritura\u00e7\u00e3o do Livro Registro de Invent\u00e1rio; Elabora\u00e7\u00e3o e transmiss\u00e3o [&hellip;]","og_url":"https:\/\/livecont.com.br\/index.php\/institucional\/","og_site_name":"Livecont","article_modified_time":"2021-10-26T03:21:40+00:00","twitter_card":"summary_large_image","twitter_misc":{"Est. tempo de leitura":"3 minutos"},"schema":{"@context":"https:\/\/schema.org","@graph":[{"@type":"WebPage","@id":"https:\/\/livecont.com.br\/index.php\/institucional\/","url":"https:\/\/livecont.com.br\/index.php\/institucional\/","name":"Servi\u00e7os - Livecont","isPartOf":{"@id":"https:\/\/livecont.com.br\/#website"},"datePublished":"2019-02-22T18:08:24+00:00","dateModified":"2021-10-26T03:21:40+00:00","breadcrumb":{"@id":"https:\/\/livecont.com.br\/index.php\/institucional\/#breadcrumb"},"inLanguage":"pt-BR","potentialAction":[{"@type":"ReadAction","target":["https:\/\/livecont.com.br\/index.php\/institucional\/"]}]},{"@type":"BreadcrumbList","@id":"https:\/\/livecont.com.br\/index.php\/institucional\/#breadcrumb","itemListElement":[{"@type":"ListItem","position":1,"name":"In\u00edcio","item":"https:\/\/livecont.com.br\/"},{"@type":"ListItem","position":2,"name":"Servi\u00e7os"}]},{"@type":"WebSite","@id":"https:\/\/livecont.com.br\/#website","url":"https:\/\/livecont.com.br\/","name":"Livecont","description":"Assessoria Cont\u00e1bil","publisher":{"@id":"https:\/\/livecont.com.br\/#organization"},"potentialAction":[{"@type":"SearchAction","target":{"@type":"EntryPoint","urlTemplate":"https:\/\/livecont.com.br\/?s={search_term_string}"},"query-input":"required name=search_term_string"}],"inLanguage":"pt-BR"},{"@type":"Organization","@id":"https:\/\/livecont.com.br\/#organization","name":"Livecont","url":"https:\/\/livecont.com.br\/","sameAs":[],"logo":{"@type":"ImageObject","inLanguage":"pt-BR","@id":"https:\/\/livecont.com.br\/#\/schema\/logo\/image\/","url":"https:\/\/livecont.com.br\/wp-content\/uploads\/2021\/10\/logo-home.png","contentUrl":"https:\/\/livecont.com.br\/wp-content\/uploads\/2021\/10\/logo-home.png","width":200,"height":104,"caption":"Livecont"},"image":{"@id":"https:\/\/livecont.com.br\/#\/schema\/logo\/image\/"}}]}},"_links":{"self":[{"href":"https:\/\/livecont.com.br\/index.php\/wp-json\/wp\/v2\/pages\/46"}],"collection":[{"href":"https:\/\/livecont.com.br\/index.php\/wp-json\/wp\/v2\/pages"}],"about":[{"href":"https:\/\/livecont.com.br\/index.php\/wp-json\/wp\/v2\/types\/page"}],"author":[{"embeddable":true,"href":"https:\/\/livecont.com.br\/index.php\/wp-json\/wp\/v2\/users\/2"}],"replies":[{"embeddable":true,"href":"https:\/\/livecont.com.br\/index.php\/wp-json\/wp\/v2\/comments?post=46"}],"version-history":[{"count":6,"href":"https:\/\/livecont.com.br\/index.php\/wp-json\/wp\/v2\/pages\/46\/revisions"}],"predecessor-version":[{"id":2467,"href":"https:\/\/livecont.com.br\/index.php\/wp-json\/wp\/v2\/pages\/46\/revisions\/2467"}],"wp:attachment":[{"href":"https:\/\/livecont.com.br\/index.php\/wp-json\/wp\/v2\/media?parent=46"}],"curies":[{"name":"wp","href":"https:\/\/api.w.org\/{rel}","templated":true}]}}