{"id":50,"date":"2019-02-22T15:09:37","date_gmt":"2019-02-22T18:09:37","guid":{"rendered":"https:\/\/livecont.com.br\/?page_id=50"},"modified":"2021-10-26T00:34:27","modified_gmt":"2021-10-26T03:34:27","slug":"contato","status":"publish","type":"page","link":"https:\/\/livecont.com.br\/index.php\/contato\/","title":{"rendered":"Contato"},"content":{"rendered":"\t\t<div data-elementor-type=\"wp-page\" data-elementor-id=\"50\" class=\"elementor elementor-50\">\n\t\t\t\t\t\t<div class=\"elementor-inner\">\n\t\t\t\t<div class=\"elementor-section-wrap\">\n\t\t\t\t\t\t\t\t\t<section class=\"elementor-section elementor-top-section elementor-element elementor-element-fbcbb21 elementor-section-boxed elementor-section-height-default elementor-section-height-default\" data-id=\"fbcbb21\" data-element_type=\"section\">\n\t\t\t\t\t\t<div class=\"elementor-container elementor-column-gap-default\">\n\t\t\t\t\t\t\t<div class=\"elementor-row\">\n\t\t\t\t\t<div class=\"elementor-column elementor-col-100 elementor-top-column elementor-element elementor-element-6f92246\" data-id=\"6f92246\" data-element_type=\"column\">\n\t\t\t<div class=\"elementor-column-wrap elementor-element-populated\">\n\t\t\t\t\t\t\t<div class=\"elementor-widget-wrap\">\n\t\t\t\t\t\t<div class=\"elementor-element elementor-element-e550d7b elementor-widget elementor-widget-wpforms\" data-id=\"e550d7b\" data-element_type=\"widget\" data-widget_type=\"wpforms.default\">\n\t\t\t\t<div class=\"elementor-widget-container\">\n\t\t\t<div class=\"wpforms-container wpforms-container-full\" id=\"wpforms-2472\"><form id=\"wpforms-form-2472\" class=\"wpforms-validate wpforms-form wpforms-ajax-form\" data-formid=\"2472\" method=\"post\" enctype=\"multipart\/form-data\" action=\"\/index.php\/wp-json\/wp\/v2\/pages\/50\" data-token=\"a6c1d6db472522b487f1853f234eff8d\"><noscript class=\"wpforms-error-noscript\">Ative o JavaScript no seu navegador para preencher este formul\u00e1rio.<\/noscript><div class=\"wpforms-field-container\"><div id=\"wpforms-2472-field_2-container\" class=\"wpforms-field wpforms-field-name\" data-field-id=\"2\"><label class=\"wpforms-field-label\" for=\"wpforms-2472-field_2\">Nome <span class=\"wpforms-required-label\">*<\/span><\/label><input type=\"text\" id=\"wpforms-2472-field_2\" class=\"wpforms-field-medium wpforms-field-required\" name=\"wpforms[fields][2]\" required><\/div><div id=\"wpforms-2472-field_3-container\" class=\"wpforms-field wpforms-field-email\" data-field-id=\"3\"><label class=\"wpforms-field-label\" for=\"wpforms-2472-field_3\">E-mail <span class=\"wpforms-required-label\">*<\/span><\/label><input type=\"email\" id=\"wpforms-2472-field_3\" class=\"wpforms-field-medium wpforms-field-required\" name=\"wpforms[fields][3]\" required><\/div><div id=\"wpforms-2472-field_4-container\" class=\"wpforms-field wpforms-field-text\" data-field-id=\"4\"><label class=\"wpforms-field-label\" for=\"wpforms-2472-field_4\">Telefone com DDD<\/label><input type=\"text\" id=\"wpforms-2472-field_4\" class=\"wpforms-field-medium\" name=\"wpforms[fields][4]\" ><div class=\"wpforms-field-description\">Opcional*<\/div><\/div><div id=\"wpforms-2472-field_6-container\" class=\"wpforms-field wpforms-field-radio\" data-field-id=\"6\"><label class=\"wpforms-field-label\" for=\"wpforms-2472-field_6\">M\u00faltipla escolha <span class=\"wpforms-required-label\">*<\/span><\/label><ul id=\"wpforms-2472-field_6\" class=\"wpforms-field-required\"><li class=\"choice-1 depth-1\"><input type=\"radio\" id=\"wpforms-2472-field_6_1\" name=\"wpforms[fields][6]\" value=\"D\u00favidas\" required ><label class=\"wpforms-field-label-inline\" for=\"wpforms-2472-field_6_1\">D\u00favidas<\/label><\/li><li class=\"choice-2 depth-1\"><input type=\"radio\" id=\"wpforms-2472-field_6_2\" name=\"wpforms[fields][6]\" value=\"Contrata\u00e7\u00e3o de servi\u00e7os\" required ><label class=\"wpforms-field-label-inline\" for=\"wpforms-2472-field_6_2\">Contrata\u00e7\u00e3o de servi\u00e7os<\/label><\/li><li class=\"choice-3 depth-1\"><input type=\"radio\" id=\"wpforms-2472-field_6_3\" name=\"wpforms[fields][6]\" value=\"Outro assunto\" required ><label class=\"wpforms-field-label-inline\" for=\"wpforms-2472-field_6_3\">Outro assunto<\/label><\/li><\/ul><\/div><div id=\"wpforms-2472-field_8-container\" class=\"wpforms-field wpforms-field-textarea\" data-field-id=\"8\"><label class=\"wpforms-field-label\" for=\"wpforms-2472-field_8\">Sua mensagem<\/label><textarea id=\"wpforms-2472-field_8\" class=\"wpforms-field-medium\" name=\"wpforms[fields][8]\" ><\/textarea><div class=\"wpforms-field-description\">Opcional*<\/div><\/div><\/div><div class=\"wpforms-submit-container\"><input type=\"hidden\" name=\"wpforms[id]\" value=\"2472\"><input type=\"hidden\" name=\"wpforms[author]\" value=\"2\"><button type=\"submit\" name=\"wpforms[submit]\" id=\"wpforms-submit-2472\" class=\"wpforms-submit\" data-alt-text=\"Enviando...\" data-submit-text=\"Enviar\" aria-live=\"assertive\" value=\"wpforms-submit\">Enviar<\/button><img loading=\"lazy\" src=\"https:\/\/livecont.com.br\/wp-content\/plugins\/wpforms-lite\/assets\/images\/submit-spin.svg\" class=\"wpforms-submit-spinner\" style=\"display: none;\" width=\"26\" height=\"26\" alt=\"\"><\/div><\/form><\/div>  <!-- .wpforms-container -->\t\t<\/div>\n\t\t\t\t<\/div>\n\t\t\t\t\t\t<\/div>\n\t\t\t\t\t<\/div>\n\t\t<\/div>\n\t\t\t\t\t\t\t\t<\/div>\n\t\t\t\t\t<\/div>\n\t\t<\/section>\n\t\t\t\t\t\t\t\t\t<\/div>\n\t\t\t<\/div>\n\t\t\t\t\t<\/div>\n\t\t","protected":false},"excerpt":{"rendered":"","protected":false},"author":2,"featured_media":0,"parent":0,"menu_order":0,"comment_status":"closed","ping_status":"closed","template":"elementor_header_footer","meta":[],"yoast_head":"<!-- This site is optimized with the Yoast SEO plugin v19.5.1 - https:\/\/yoast.com\/wordpress\/plugins\/seo\/ -->\n<title>Contato - Livecont<\/title>\n<meta name=\"robots\" content=\"index, follow, max-snippet:-1, max-image-preview:large, max-video-preview:-1\" \/>\n<link rel=\"canonical\" href=\"https:\/\/livecont.com.br\/index.php\/contato\/\" \/>\n<meta property=\"og:locale\" content=\"pt_BR\" \/>\n<meta property=\"og:type\" content=\"article\" \/>\n<meta property=\"og:title\" content=\"Contato - Livecont\" \/>\n<meta property=\"og:url\" content=\"https:\/\/livecont.com.br\/index.php\/contato\/\" \/>\n<meta property=\"og:site_name\" content=\"Livecont\" \/>\n<meta property=\"article:modified_time\" content=\"2021-10-26T03:34:27+00:00\" \/>\n<meta name=\"twitter:card\" content=\"summary_large_image\" \/>\n<script type=\"application\/ld+json\" class=\"yoast-schema-graph\">{\"@context\":\"https:\/\/schema.org\",\"@graph\":[{\"@type\":\"WebPage\",\"@id\":\"https:\/\/livecont.com.br\/index.php\/contato\/\",\"url\":\"https:\/\/livecont.com.br\/index.php\/contato\/\",\"name\":\"Contato - Livecont\",\"isPartOf\":{\"@id\":\"https:\/\/livecont.com.br\/#website\"},\"datePublished\":\"2019-02-22T18:09:37+00:00\",\"dateModified\":\"2021-10-26T03:34:27+00:00\",\"breadcrumb\":{\"@id\":\"https:\/\/livecont.com.br\/index.php\/contato\/#breadcrumb\"},\"inLanguage\":\"pt-BR\",\"potentialAction\":[{\"@type\":\"ReadAction\",\"target\":[\"https:\/\/livecont.com.br\/index.php\/contato\/\"]}]},{\"@type\":\"BreadcrumbList\",\"@id\":\"https:\/\/livecont.com.br\/index.php\/contato\/#breadcrumb\",\"itemListElement\":[{\"@type\":\"ListItem\",\"position\":1,\"name\":\"In\u00edcio\",\"item\":\"https:\/\/livecont.com.br\/\"},{\"@type\":\"ListItem\",\"position\":2,\"name\":\"Contato\"}]},{\"@type\":\"WebSite\",\"@id\":\"https:\/\/livecont.com.br\/#website\",\"url\":\"https:\/\/livecont.com.br\/\",\"name\":\"Livecont\",\"description\":\"Assessoria Cont\u00e1bil\",\"publisher\":{\"@id\":\"https:\/\/livecont.com.br\/#organization\"},\"potentialAction\":[{\"@type\":\"SearchAction\",\"target\":{\"@type\":\"EntryPoint\",\"urlTemplate\":\"https:\/\/livecont.com.br\/?s={search_term_string}\"},\"query-input\":\"required name=search_term_string\"}],\"inLanguage\":\"pt-BR\"},{\"@type\":\"Organization\",\"@id\":\"https:\/\/livecont.com.br\/#organization\",\"name\":\"Livecont\",\"url\":\"https:\/\/livecont.com.br\/\",\"sameAs\":[],\"logo\":{\"@type\":\"ImageObject\",\"inLanguage\":\"pt-BR\",\"@id\":\"https:\/\/livecont.com.br\/#\/schema\/logo\/image\/\",\"url\":\"https:\/\/livecont.com.br\/wp-content\/uploads\/2021\/10\/logo-home.png\",\"contentUrl\":\"https:\/\/livecont.com.br\/wp-content\/uploads\/2021\/10\/logo-home.png\",\"width\":200,\"height\":104,\"caption\":\"Livecont\"},\"image\":{\"@id\":\"https:\/\/livecont.com.br\/#\/schema\/logo\/image\/\"}}]}<\/script>\n<!-- \/ Yoast SEO plugin. -->","yoast_head_json":{"title":"Contato - Livecont","robots":{"index":"index","follow":"follow","max-snippet":"max-snippet:-1","max-image-preview":"max-image-preview:large","max-video-preview":"max-video-preview:-1"},"canonical":"https:\/\/livecont.com.br\/index.php\/contato\/","og_locale":"pt_BR","og_type":"article","og_title":"Contato - Livecont","og_url":"https:\/\/livecont.com.br\/index.php\/contato\/","og_site_name":"Livecont","article_modified_time":"2021-10-26T03:34:27+00:00","twitter_card":"summary_large_image","schema":{"@context":"https:\/\/schema.org","@graph":[{"@type":"WebPage","@id":"https:\/\/livecont.com.br\/index.php\/contato\/","url":"https:\/\/livecont.com.br\/index.php\/contato\/","name":"Contato - Livecont","isPartOf":{"@id":"https:\/\/livecont.com.br\/#website"},"datePublished":"2019-02-22T18:09:37+00:00","dateModified":"2021-10-26T03:34:27+00:00","breadcrumb":{"@id":"https:\/\/livecont.com.br\/index.php\/contato\/#breadcrumb"},"inLanguage":"pt-BR","potentialAction":[{"@type":"ReadAction","target":["https:\/\/livecont.com.br\/index.php\/contato\/"]}]},{"@type":"BreadcrumbList","@id":"https:\/\/livecont.com.br\/index.php\/contato\/#breadcrumb","itemListElement":[{"@type":"ListItem","position":1,"name":"In\u00edcio","item":"https:\/\/livecont.com.br\/"},{"@type":"ListItem","position":2,"name":"Contato"}]},{"@type":"WebSite","@id":"https:\/\/livecont.com.br\/#website","url":"https:\/\/livecont.com.br\/","name":"Livecont","description":"Assessoria Cont\u00e1bil","publisher":{"@id":"https:\/\/livecont.com.br\/#organization"},"potentialAction":[{"@type":"SearchAction","target":{"@type":"EntryPoint","urlTemplate":"https:\/\/livecont.com.br\/?s={search_term_string}"},"query-input":"required name=search_term_string"}],"inLanguage":"pt-BR"},{"@type":"Organization","@id":"https:\/\/livecont.com.br\/#organization","name":"Livecont","url":"https:\/\/livecont.com.br\/","sameAs":[],"logo":{"@type":"ImageObject","inLanguage":"pt-BR","@id":"https:\/\/livecont.com.br\/#\/schema\/logo\/image\/","url":"https:\/\/livecont.com.br\/wp-content\/uploads\/2021\/10\/logo-home.png","contentUrl":"https:\/\/livecont.com.br\/wp-content\/uploads\/2021\/10\/logo-home.png","width":200,"height":104,"caption":"Livecont"},"image":{"@id":"https:\/\/livecont.com.br\/#\/schema\/logo\/image\/"}}]}},"_links":{"self":[{"href":"https:\/\/livecont.com.br\/index.php\/wp-json\/wp\/v2\/pages\/50"}],"collection":[{"href":"https:\/\/livecont.com.br\/index.php\/wp-json\/wp\/v2\/pages"}],"about":[{"href":"https:\/\/livecont.com.br\/index.php\/wp-json\/wp\/v2\/types\/page"}],"author":[{"embeddable":true,"href":"https:\/\/livecont.com.br\/index.php\/wp-json\/wp\/v2\/users\/2"}],"replies":[{"embeddable":true,"href":"https:\/\/livecont.com.br\/index.php\/wp-json\/wp\/v2\/comments?post=50"}],"version-history":[{"count":7,"href":"https:\/\/livecont.com.br\/index.php\/wp-json\/wp\/v2\/pages\/50\/revisions"}],"predecessor-version":[{"id":2475,"href":"https:\/\/livecont.com.br\/index.php\/wp-json\/wp\/v2\/pages\/50\/revisions\/2475"}],"wp:attachment":[{"href":"https:\/\/livecont.com.br\/index.php\/wp-json\/wp\/v2\/media?parent=50"}],"curies":[{"name":"wp","href":"https:\/\/api.w.org\/{rel}","templated":true}]}}